{"id":1325,"date":"2024-10-23T15:28:56","date_gmt":"2024-10-23T18:28:56","guid":{"rendered":"https:\/\/edclp-bue.infd.edu.ar\/sitio\/?page_id=1325"},"modified":"2025-02-27T09:33:26","modified_gmt":"2025-02-27T12:33:26","slug":"roperia","status":"publish","type":"page","link":"https:\/\/edclp-bue.infd.edu.ar\/sitio\/institucional\/roperia\/","title":{"rendered":"ROPER\u00cdA"},"content":{"rendered":"\n<h3 class=\"wp-block-heading\" style=\"font-size:30px\">Importante<\/h3>\n\n\n\n<p style=\"font-size:18px\">Una vez que haya completado el formulario de solicitud de pr\u00e9stamo de vestuario, deber\u00e1 descargarlo e imprimirlo. Luego, entregue el formulario Direcci\u00f3n para obtener la autorizaci\u00f3n. Recuerde que una copia se quedar\u00e1 en Direcci\u00f3n y otra copia deber\u00e1 ser entregada en Roper\u00eda.<\/p>\n\n\n\n<h3 class=\"wp-block-heading has-medium-font-size\">El pr\u00e9stamo debe solicitarse con 15 d\u00edas de antelaci\u00f3n para poder prepararlo adecuadamente.<\/h3>\n\n\n\n<p><\/p>\n\n\n\n<p><\/p>\n\n\n\n<div class=\"wp-block-buttons is-layout-flex\">\n<div class=\"wp-block-button has-custom-width wp-block-button__width-100 has-custom-font-size has-medium-font-size\"><a class=\"wp-block-button__link has-text-align-left wp-element-button\" href=\"https:\/\/vestuario-escueladanzasclasicaslp.netlify.app\/\" style=\"border-radius:0px\" target=\"_blank\" rel=\"noreferrer noopener\"><strong>VISITAR WEB ROPER\u00cdA<\/strong><\/a><\/div>\n<\/div>\n\n\n\n<div class=\"wp-block-buttons is-layout-flex\">\n<div class=\"wp-block-button has-custom-width wp-block-button__width-100 has-custom-font-size has-medium-font-size\"><a class=\"wp-block-button__link has-text-align-left wp-element-button\" href=\"https:\/\/vestuario-escueladanzasclasicaslp.netlify.app\/tutorial.html\" style=\"border-radius:0px\" target=\"_blank\" rel=\"noreferrer noopener\"><strong><strong>\u00bfC\u00d3MO REALIZAR EL PEDIDO DEL VESTUARIO?<\/strong><\/strong><\/a><\/div>\n<\/div>\n\n\n\n<div class=\"wp-block-buttons is-layout-flex\">\n<div class=\"wp-block-button has-custom-width wp-block-button__width-100 has-custom-font-size has-medium-font-size\"><a class=\"wp-block-button__link has-text-align-left wp-element-button\" href=\"https:\/\/vestuario-escueladanzasclasicaslp.netlify.app\/formulario.html\" style=\"border-radius:0px\" target=\"_blank\" rel=\"noreferrer noopener\"><strong>FORMULARIO DE PR\u00c9STAMO DE VESTUARIO<\/strong><\/a><\/div>\n<\/div>\n","protected":false},"excerpt":{"rendered":"<p>Importante Una vez que haya completado el formulario de solicitud de pr\u00e9stamo de vestuario, deber\u00e1 descargarlo e imprimirlo. Luego, entregue el formulario Direcci\u00f3n para obtener la autorizaci\u00f3n. Recuerde que una copia se quedar\u00e1 en Direcci\u00f3n y otra copia deber\u00e1 ser entregada en Roper\u00eda. El pr\u00e9stamo debe solicitarse con 15 d\u00edas de antelaci\u00f3n para poder prepararlo &#8230; <a title=\"ROPER\u00cdA\" class=\"read-more\" href=\"https:\/\/edclp-bue.infd.edu.ar\/sitio\/institucional\/roperia\/\" aria-label=\"More on ROPER\u00cdA\">[+]<\/a><\/p>\n","protected":false},"author":14,"featured_media":0,"parent":703,"menu_order":6,"comment_status":"closed","ping_status":"closed","template":"","meta":[],"acf":[],"_links":{"self":[{"href":"https:\/\/edclp-bue.infd.edu.ar\/sitio\/wp-json\/wp\/v2\/pages\/1325"}],"collection":[{"href":"https:\/\/edclp-bue.infd.edu.ar\/sitio\/wp-json\/wp\/v2\/pages"}],"about":[{"href":"https:\/\/edclp-bue.infd.edu.ar\/sitio\/wp-json\/wp\/v2\/types\/page"}],"author":[{"embeddable":true,"href":"https:\/\/edclp-bue.infd.edu.ar\/sitio\/wp-json\/wp\/v2\/users\/14"}],"replies":[{"embeddable":true,"href":"https:\/\/edclp-bue.infd.edu.ar\/sitio\/wp-json\/wp\/v2\/comments?post=1325"}],"version-history":[{"count":7,"href":"https:\/\/edclp-bue.infd.edu.ar\/sitio\/wp-json\/wp\/v2\/pages\/1325\/revisions"}],"predecessor-version":[{"id":1501,"href":"https:\/\/edclp-bue.infd.edu.ar\/sitio\/wp-json\/wp\/v2\/pages\/1325\/revisions\/1501"}],"up":[{"embeddable":true,"href":"https:\/\/edclp-bue.infd.edu.ar\/sitio\/wp-json\/wp\/v2\/pages\/703"}],"wp:attachment":[{"href":"https:\/\/edclp-bue.infd.edu.ar\/sitio\/wp-json\/wp\/v2\/media?parent=1325"}],"curies":[{"name":"wp","href":"https:\/\/api.w.org\/{rel}","templated":true}]}}