{"id":1465,"date":"2025-02-26T14:33:40","date_gmt":"2025-02-26T17:33:40","guid":{"rendered":"https:\/\/edclp-bue.infd.edu.ar\/sitio\/?page_id=1465"},"modified":"2025-03-17T13:10:10","modified_gmt":"2025-03-17T16:10:10","slug":"estudiantes-itinerantes","status":"publish","type":"page","link":"https:\/\/edclp-bue.infd.edu.ar\/sitio\/estudiantes\/estudiantes-itinerantes\/","title":{"rendered":"ESTUDIANTES ITINERANTES"},"content":{"rendered":"\n<p class=\"has-medium-font-size\" style=\"font-style:normal;font-weight:900\">CONSIDERACIONES GENERALES<\/p>\n\n\n\n<p>1. La o el estudiante itinerante es quien cursa como estudiante regular en un Instituto Superior dependiente de la DGCyE y, al mismo tiempo, cursa una o m\u00e1s unidades curriculares en otro IS de la jurisdicci\u00f3n en la que no se encuentra matriculada o matriculado para acreditar una o m\u00e1s unidades curriculares en un Profesorado o Tecnicatura.<br>2. Una o un estudiante podr\u00e1 optar por cursar como itinerante, hasta el 30% de las unidades curriculares (UC) de la carrera. Queda exceptuado el Campo de la Pr\u00e1ctica Docente.<br>3. La solicitud se realizar\u00e1 en el periodo de inscripci\u00f3n a la\/s unidad\/es curricular\/es teniendo en cuenta las fechas dispuestas por el IS en el que aspira cursar.<br>4. Ser\u00e1 condici\u00f3n que la UC en la que solicita cursar corresponda al mismo plan de estudio o bien sea una UC con igual denominaci\u00f3n, carga horaria y contenidos m\u00ednimos prescriptos que en el dise\u00f1o de la carrera en la que se encuentra matriculada o matriculado la o el estudiante.<br>5. El IS considerar\u00e1 como \u00fanica variable para aceptar o rechazar la solicitud, el n\u00famero de estudiantes matriculadas o matriculados en la UC en la que se solicita vacante.<br>6. La cursada de unidades curriculares realizadas como estudiante itinerante, tendr\u00e1 una validez de ocho turnos consecutivos a partir de la finalizaci\u00f3n de la cursada.<br>7. La acreditaci\u00f3n de la UC se deber\u00e1 realizar en el IS donde cursa como itinerante.<br>8. La opci\u00f3n de estudiante itinerante podr\u00e1 realizarse en cualquier IS que forme parte del \u00e1mbito de aplicaci\u00f3n de la presente resoluci\u00f3n.<\/p>\n\n\n\n<p>Son responsabilidades de la o el estudiante:<br>\u25cf Presentar ante la direcci\u00f3n del IS donde aspira a cursar el Formulario A: \u201cSolicitud para cursar unidades curriculares como estudiante itinerante\u201d junto con el certificado anal\u00edtico parcial actualizado al momento de la solicitud.<br>\u25cf Notificar a la Direcci\u00f3n del IS donde se hallare matriculada\/o la aceptaci\u00f3n como estudiante itinerante en otro IS a trav\u00e9s de la entrega del Formulario B: \u201cNotificaci\u00f3n IS en el que la\/el estudiante se encuentra matriculada\/o\u201d<br>\u25cf Cumplir con las condiciones institucionales y de la propuesta pedag\u00f3gica para la acreditaci\u00f3n de la unidad curricular del IS en el que realiza la solicitud.<br>\u25cf Solicitar ante el IS donde cursa como estudiante itinerante el Formulario D: \u201cConstancia de acreditaci\u00f3n de unidad curricular como estudiante itinerante\u201d cuando haya acreditado la U. C.<br>\u25cf Presentar ante el IS en el que se encuentra matriculada\/o el Formulario D: \u201cConstancia de acreditaci\u00f3n de unidad curricular como estudiante itinerante\u201d.<\/p>\n\n\n\n<p><\/p>\n\n\n\n<div class=\"wp-block-buttons is-layout-flex\">\n<div class=\"wp-block-button has-custom-width wp-block-button__width-100 has-custom-font-size has-medium-font-size\"><a class=\"wp-block-button__link has-contrast-2-background-color has-background wp-element-button\" href=\"https:\/\/drive.google.com\/file\/d\/1ch4EissdDXGgKcBOLOqadUJGTHhQ7PdN\/view\" style=\"border-radius:0px\" target=\"_blank\" rel=\"noreferrer noopener\">FORMULARIO A<\/a><\/div>\n\n\n\n<div class=\"wp-block-button has-custom-width wp-block-button__width-100 has-custom-font-size has-medium-font-size\"><a class=\"wp-block-button__link has-contrast-2-background-color has-background wp-element-button\" href=\"https:\/\/drive.google.com\/file\/d\/17LVvHA0d5ckebtfg92yZolSYrGMgYvkQ\/view\" style=\"border-radius:0px\" target=\"_blank\" rel=\"noreferrer noopener\">FORMULARIO B<\/a><\/div>\n\n\n\n<div class=\"wp-block-button has-custom-width wp-block-button__width-100 has-custom-font-size has-medium-font-size\"><a class=\"wp-block-button__link has-contrast-2-background-color has-background wp-element-button\" href=\"https:\/\/drive.google.com\/file\/d\/13TIFIVsI6fLaYsYqHwdUj97RUv0VCb2p\/view\" style=\"border-radius:0px\" target=\"_blank\" rel=\"noreferrer noopener\">FORMULARIO D<\/a><\/div>\n<\/div>\n","protected":false},"excerpt":{"rendered":"<p>CONSIDERACIONES GENERALES 1. La o el estudiante itinerante es quien cursa como estudiante regular en un Instituto Superior dependiente de la DGCyE y, al mismo tiempo, cursa una o m\u00e1s unidades curriculares en otro IS de la jurisdicci\u00f3n en la que no se encuentra matriculada o matriculado para acreditar una o m\u00e1s unidades curriculares en &#8230; <a title=\"ESTUDIANTES ITINERANTES\" class=\"read-more\" href=\"https:\/\/edclp-bue.infd.edu.ar\/sitio\/estudiantes\/estudiantes-itinerantes\/\" aria-label=\"More on ESTUDIANTES ITINERANTES\">[+]<\/a><\/p>\n","protected":false},"author":14,"featured_media":0,"parent":701,"menu_order":5,"comment_status":"closed","ping_status":"closed","template":"","meta":[],"acf":[],"_links":{"self":[{"href":"https:\/\/edclp-bue.infd.edu.ar\/sitio\/wp-json\/wp\/v2\/pages\/1465"}],"collection":[{"href":"https:\/\/edclp-bue.infd.edu.ar\/sitio\/wp-json\/wp\/v2\/pages"}],"about":[{"href":"https:\/\/edclp-bue.infd.edu.ar\/sitio\/wp-json\/wp\/v2\/types\/page"}],"author":[{"embeddable":true,"href":"https:\/\/edclp-bue.infd.edu.ar\/sitio\/wp-json\/wp\/v2\/users\/14"}],"replies":[{"embeddable":true,"href":"https:\/\/edclp-bue.infd.edu.ar\/sitio\/wp-json\/wp\/v2\/comments?post=1465"}],"version-history":[{"count":4,"href":"https:\/\/edclp-bue.infd.edu.ar\/sitio\/wp-json\/wp\/v2\/pages\/1465\/revisions"}],"predecessor-version":[{"id":1532,"href":"https:\/\/edclp-bue.infd.edu.ar\/sitio\/wp-json\/wp\/v2\/pages\/1465\/revisions\/1532"}],"up":[{"embeddable":true,"href":"https:\/\/edclp-bue.infd.edu.ar\/sitio\/wp-json\/wp\/v2\/pages\/701"}],"wp:attachment":[{"href":"https:\/\/edclp-bue.infd.edu.ar\/sitio\/wp-json\/wp\/v2\/media?parent=1465"}],"curies":[{"name":"wp","href":"https:\/\/api.w.org\/{rel}","templated":true}]}}