{"id":1538,"date":"2025-03-17T14:05:48","date_gmt":"2025-03-17T17:05:48","guid":{"rendered":"https:\/\/edclp-bue.infd.edu.ar\/sitio\/?page_id=1538"},"modified":"2026-04-14T13:30:58","modified_gmt":"2026-04-14T16:30:58","slug":"talleres-y-actividades-extracurriculares","status":"publish","type":"page","link":"https:\/\/edclp-bue.infd.edu.ar\/sitio\/institucional\/proyectos-de-extension\/talleres-y-actividades-extracurriculares\/","title":{"rendered":"TALLERES Y ACTIVIDADES EXTRACURRICULARES 2026"},"content":{"rendered":"\n<p><\/p>\n\n\n\n<figure class=\"wp-block-gallery has-nested-images columns-5 wp-block-gallery-1 is-layout-flex\">\n<figure class=\"wp-block-image size-full\"><img decoding=\"async\" loading=\"lazy\" width=\"1080\" height=\"1350\" data-id=\"1763\"  src=\"https:\/\/edclp-bue.infd.edu.ar\/sitio\/wp-content\/uploads\/2026\/04\/1.F-TALLERES-DANZAS-CLASICAS-INFANCIAS-2026-1-FEED.png\" alt=\"\" class=\"wp-image-1763\" srcset=\"https:\/\/edclp-bue.infd.edu.ar\/sitio\/wp-content\/uploads\/2026\/04\/1.F-TALLERES-DANZAS-CLASICAS-INFANCIAS-2026-1-FEED.png 1080w, https:\/\/edclp-bue.infd.edu.ar\/sitio\/wp-content\/uploads\/2026\/04\/1.F-TALLERES-DANZAS-CLASICAS-INFANCIAS-2026-1-FEED-800x1000.png 800w, https:\/\/edclp-bue.infd.edu.ar\/sitio\/wp-content\/uploads\/2026\/04\/1.F-TALLERES-DANZAS-CLASICAS-INFANCIAS-2026-1-FEED-768x960.png 768w\" sizes=\"(max-width: 1080px) 100vw, 1080px\" \/><\/figure>\n\n\n\n<figure class=\"wp-block-image size-full is-style-default\"><img decoding=\"async\" loading=\"lazy\" width=\"1081\" height=\"1349\" data-id=\"1764\"  src=\"https:\/\/edclp-bue.infd.edu.ar\/sitio\/wp-content\/uploads\/2026\/04\/3.F-TALLERES-CONTEMPORANIO-INFANCIAS-2026-FEED.png\" alt=\"\" class=\"wp-image-1764\" srcset=\"https:\/\/edclp-bue.infd.edu.ar\/sitio\/wp-content\/uploads\/2026\/04\/3.F-TALLERES-CONTEMPORANIO-INFANCIAS-2026-FEED.png 1081w, https:\/\/edclp-bue.infd.edu.ar\/sitio\/wp-content\/uploads\/2026\/04\/3.F-TALLERES-CONTEMPORANIO-INFANCIAS-2026-FEED-801x1000.png 801w, https:\/\/edclp-bue.infd.edu.ar\/sitio\/wp-content\/uploads\/2026\/04\/3.F-TALLERES-CONTEMPORANIO-INFANCIAS-2026-FEED-768x958.png 768w\" sizes=\"(max-width: 1081px) 100vw, 1081px\" \/><\/figure>\n\n\n\n<figure class=\"wp-block-image size-full\"><img decoding=\"async\" loading=\"lazy\" width=\"1081\" height=\"1351\" data-id=\"1765\"  src=\"https:\/\/edclp-bue.infd.edu.ar\/sitio\/wp-content\/uploads\/2026\/04\/5.F-TALLERES-EXPRESION-INFANCIAS-2026-FEED.png\" alt=\"\" class=\"wp-image-1765\" srcset=\"https:\/\/edclp-bue.infd.edu.ar\/sitio\/wp-content\/uploads\/2026\/04\/5.F-TALLERES-EXPRESION-INFANCIAS-2026-FEED.png 1081w, https:\/\/edclp-bue.infd.edu.ar\/sitio\/wp-content\/uploads\/2026\/04\/5.F-TALLERES-EXPRESION-INFANCIAS-2026-FEED-800x1000.png 800w, https:\/\/edclp-bue.infd.edu.ar\/sitio\/wp-content\/uploads\/2026\/04\/5.F-TALLERES-EXPRESION-INFANCIAS-2026-FEED-768x960.png 768w\" sizes=\"(max-width: 1081px) 100vw, 1081px\" \/><\/figure>\n\n\n\n<figure class=\"wp-block-image size-full\"><img decoding=\"async\" loading=\"lazy\" width=\"1081\" height=\"1351\" data-id=\"1766\"  src=\"https:\/\/edclp-bue.infd.edu.ar\/sitio\/wp-content\/uploads\/2026\/04\/2.F-TALLERES-DANZAS-CLASICAS-INFANCIAS-2026-2-FEED.png\" alt=\"\" class=\"wp-image-1766\" srcset=\"https:\/\/edclp-bue.infd.edu.ar\/sitio\/wp-content\/uploads\/2026\/04\/2.F-TALLERES-DANZAS-CLASICAS-INFANCIAS-2026-2-FEED.png 1081w, https:\/\/edclp-bue.infd.edu.ar\/sitio\/wp-content\/uploads\/2026\/04\/2.F-TALLERES-DANZAS-CLASICAS-INFANCIAS-2026-2-FEED-800x1000.png 800w, https:\/\/edclp-bue.infd.edu.ar\/sitio\/wp-content\/uploads\/2026\/04\/2.F-TALLERES-DANZAS-CLASICAS-INFANCIAS-2026-2-FEED-768x960.png 768w\" sizes=\"(max-width: 1081px) 100vw, 1081px\" \/><\/figure>\n\n\n\n<figure class=\"wp-block-image size-medium\"><img decoding=\"async\" loading=\"lazy\" width=\"800\" height=\"1000\" data-id=\"1767\"  src=\"https:\/\/edclp-bue.infd.edu.ar\/sitio\/wp-content\/uploads\/2026\/04\/4.F-TALLERES-CONTEMPORANEO-ADOLESCENCIAS-2026-FEED-800x1000.png\" alt=\"\" class=\"wp-image-1767\" srcset=\"https:\/\/edclp-bue.infd.edu.ar\/sitio\/wp-content\/uploads\/2026\/04\/4.F-TALLERES-CONTEMPORANEO-ADOLESCENCIAS-2026-FEED-800x1000.png 800w, https:\/\/edclp-bue.infd.edu.ar\/sitio\/wp-content\/uploads\/2026\/04\/4.F-TALLERES-CONTEMPORANEO-ADOLESCENCIAS-2026-FEED-768x960.png 768w, https:\/\/edclp-bue.infd.edu.ar\/sitio\/wp-content\/uploads\/2026\/04\/4.F-TALLERES-CONTEMPORANEO-ADOLESCENCIAS-2026-FEED.png 1081w\" sizes=\"(max-width: 800px) 100vw, 800px\" \/><\/figure>\n<\/figure>\n\n\n\n<p style=\"font-size:24px\"><img decoding=\"async\" style=\"width: 27px;\" src=\"https:\/\/s.w.org\/images\/core\/emoji\/14.0.0\/svg\/1f506.svg\" alt=\"&#x1f506;\"><strong>TALLERES EXTRACURRICULARES 2026<\/strong><img decoding=\"async\" style=\"width: 25px;\" src=\"https:\/\/s.w.org\/images\/core\/emoji\/14.0.0\/svg\/1f506.svg\" alt=\"&#x1f506;\"><\/p>\n\n\n\n<p style=\"font-size:16px\">&#x1f57a;&#x1f483;&#x1fa70; Comienzan el <strong>S\u00e1bado 18 de Abril<\/strong><\/p>\n\n\n\n<p style=\"font-size:16px\">&#x2734;&#xfe0f; <strong>Danzas Cl\u00e1sicas para Infancias.<\/strong> 1\u00b0 grupo: Estudiantes a\u00f1o anterior. &#x1f538; Prof. Mar\u00eda In\u00e9s Marabini. &#x1f551;S\u00e1bados 13:50 a 15 hs.<br>&#x2734;&#xfe0f; <strong>Danzas Cl\u00e1sicas para Infancias.<\/strong> 2\u00b0 grupo: Ingresantes. &#x1f538; Prof. Mar\u00eda In\u00e9s Marabini. &#x1f551;S\u00e1bados 15 a 16 hs.<br>&#x2734;&#xfe0f; <strong>Danza Contempor\u00e1nea para Infancias<\/strong> &#8211; 6 a 11 a\u00f1os. &#x1f538; Prof. Valentina Corbetta. &#x1f551; S\u00e1bados 13:50 a 15 hs.<br>&#x2734;&#xfe0f; <strong>Danza Contempor\u00e1nea para Adolescentes y J\u00f3venes<\/strong> &#8211; A partir de 12 a\u00f1os. &#x1f538; Prof. Juliana Reisner. &#x1f551; S\u00e1bados 13:50 a 15 hs.<br>&#x2734;&#xfe0f; <strong>Danza Expresi\u00f3n Corporal para Infancias<\/strong> &#8211; 6 a 11 a\u00f1os. &#x1f538; Prof. C\u00e9sar Cove\u00f1as. &#x1f551; S\u00e1bados 11:50 a 13 hs.<\/p>\n\n\n\n<p style=\"font-size:16px\">&#x25b6;&#xfe0f; <strong>INSCRIPCI\u00d3N: <\/strong>&#x1f4dd;<a href=\"https:\/\/acortar.link\/EDCEXTRACURRICULARES2026\"><strong>https:\/\/acortar.link\/EDCEXTRACURRICULARES2026<\/strong><\/a><br>&#x1f6d1; Al completar el formulario se deber\u00e1 adjuntar la foto o scan del DNI del\/la alumno\/a y del\/la adulto\/a responsable en caso de menores de edad.<\/p>\n\n\n\n<p style=\"font-size:16px\">&#x203c;&#xfe0f; &#x203c;&#xfe0f; IMPORTANTE: cumplimentar el formulario antes del viernes 17 de Abril hasta las 18 hs. &#x203c;&#xfe0f;&#x203c;&#xfe0f; &#x1f64f;<\/p>\n\n\n\n<p style=\"font-size:16px\">&#x1f457;&#x1fa71; <strong>VESTIMENTA<\/strong><br>&#x1f538;Vestimenta para <strong><em>DANZAS CL\u00c1SICAS<\/em><\/strong><br>&#8211; Malla rosa<br>&#8211; Poller\u00edn rosa<br>&#8211; Zapatillas de mediapunta (de lona) color rosa<br>Se puede conseguir en: &#x1f4cd;Juanita (54 10 y 11) o &#x1f4cd;La Puebla (7 63 y 64)<br>&#x2728; Traer una botellita de agua fresca ( bebidas azucaradas &#x1f64f;&#x1f3fb;no es recomendable) y toallita peque\u00f1a<br>&#x2728; Peinadas con rodete.<\/p>\n\n\n\n<p style=\"font-size:16px\">&#x1f538;Vestimenta para <strong><em>DANZA CONTEMPOR\u00c1NEA y EXPRESI\u00d3N CORPORAL<\/em><\/strong><br>&#x2728; Ropa c\u00f3moda; puede ser calzas, jogging, etc. Evitar jean y shorts;<br>&#x2728; Malla o remera c\u00f3moda, que se pueda mover sin que se le corra ni salga.<br>&#x2728; Calzado c\u00f3modo, traer medias xq podr\u00edan estar descalza\/os.<br>&#x2728; Botellita con agua fresca.<br>&#x2728; Toallita peque\u00f1a.<br>&#x2728;Ganas de bailar y aprender.<\/p>\n\n\n\n<p style=\"font-size:16px\">&#x1f39f;&#xfe0f;<strong>BONO CONTRIBUCI\u00d3N<\/strong> PARA ASOCIACI\u00d3N COOPERADORA de la ESCUELA DANZAS CL\u00c1SICAS N\u00b03: &#x1f4b5; $20.000 hasta mayo (cuota de socio y taller) luego de la Asamblea Anual puede variar un poquito.<br>\u00abENVIAR TRANSFERENCIA\u00ab A &#x1f447;&#x1f3fb;<br>CBU: 0140999801200003372893<br>CBU Alias: LAGUNA.MIRADA.ESPADA<\/p>\n\n\n\n<p style=\"font-size:16px\">&#x1f4e4;&#x1f4c4;<strong>ENVIAR<\/strong> el comprobante al correo &#x1f449;&#x1f3fb; coop.esc.danzas@gmail.com<\/p>\n\n\n\n<p style=\"font-size:16px\">Te esperamos!!!<\/p>\n\n\n\n<p style=\"font-size:16px\">Asociaci\u00f3n Cooperadora<br>Escuela de Danzas Cl\u00e1sicas La Plata<\/p>\n","protected":false},"excerpt":{"rendered":"<p>TALLERES EXTRACURRICULARES 2026 &#x1f57a;&#x1f483;&#x1fa70; Comienzan el S\u00e1bado 18 de Abril &#x2734;&#xfe0f; Danzas Cl\u00e1sicas para Infancias. 1\u00b0 grupo: Estudiantes a\u00f1o anterior. &#x1f538; Prof. Mar\u00eda In\u00e9s Marabini. &#x1f551;S\u00e1bados 13:50 a 15 hs.&#x2734;&#xfe0f; Danzas Cl\u00e1sicas para Infancias. 2\u00b0 grupo: Ingresantes. &#x1f538; Prof. Mar\u00eda In\u00e9s Marabini. &#x1f551;S\u00e1bados 15 a 16 hs.&#x2734;&#xfe0f; Danza Contempor\u00e1nea para Infancias &#8211; 6 a 11 &#8230; <a title=\"TALLERES Y ACTIVIDADES EXTRACURRICULARES 2026\" class=\"read-more\" href=\"https:\/\/edclp-bue.infd.edu.ar\/sitio\/institucional\/proyectos-de-extension\/talleres-y-actividades-extracurriculares\/\" aria-label=\"More on TALLERES Y ACTIVIDADES EXTRACURRICULARES 2026\">[+]<\/a><\/p>\n","protected":false},"author":14,"featured_media":0,"parent":884,"menu_order":4,"comment_status":"closed","ping_status":"closed","template":"","meta":[],"acf":[],"_links":{"self":[{"href":"https:\/\/edclp-bue.infd.edu.ar\/sitio\/wp-json\/wp\/v2\/pages\/1538"}],"collection":[{"href":"https:\/\/edclp-bue.infd.edu.ar\/sitio\/wp-json\/wp\/v2\/pages"}],"about":[{"href":"https:\/\/edclp-bue.infd.edu.ar\/sitio\/wp-json\/wp\/v2\/types\/page"}],"author":[{"embeddable":true,"href":"https:\/\/edclp-bue.infd.edu.ar\/sitio\/wp-json\/wp\/v2\/users\/14"}],"replies":[{"embeddable":true,"href":"https:\/\/edclp-bue.infd.edu.ar\/sitio\/wp-json\/wp\/v2\/comments?post=1538"}],"version-history":[{"count":6,"href":"https:\/\/edclp-bue.infd.edu.ar\/sitio\/wp-json\/wp\/v2\/pages\/1538\/revisions"}],"predecessor-version":[{"id":1768,"href":"https:\/\/edclp-bue.infd.edu.ar\/sitio\/wp-json\/wp\/v2\/pages\/1538\/revisions\/1768"}],"up":[{"embeddable":true,"href":"https:\/\/edclp-bue.infd.edu.ar\/sitio\/wp-json\/wp\/v2\/pages\/884"}],"wp:attachment":[{"href":"https:\/\/edclp-bue.infd.edu.ar\/sitio\/wp-json\/wp\/v2\/media?parent=1538"}],"curies":[{"name":"wp","href":"https:\/\/api.w.org\/{rel}","templated":true}]}}