{"id":728,"date":"2023-12-04T13:36:44","date_gmt":"2023-12-04T16:36:44","guid":{"rendered":"https:\/\/edclp-bue.infd.edu.ar\/sitio\/?page_id=728"},"modified":"2025-02-27T11:00:18","modified_gmt":"2025-02-27T14:00:18","slug":"autoridades","status":"publish","type":"page","link":"https:\/\/edclp-bue.infd.edu.ar\/sitio\/institucional\/autoridades\/","title":{"rendered":"AUTORIDADES"},"content":{"rendered":"\n<p style=\"font-size:18px\"><strong><u>DIRECCI\u00d3N:<\/u><\/strong><br><strong>Directora: <\/strong>Diana Rogovsky<br><strong>Vicedirector: <\/strong>Danilo Delgado<br><strong>Regente de Estudios: <\/strong>Mart\u00edn Retamosa\u00a0<\/p>\n\n\n\n<p style=\"font-size:18px\"><strong><u>SECRETAR\u00cdA:<\/u><\/strong><br><strong>Secretaria: <\/strong>Mar\u00eda Julia Di Domenicantonio<br><strong>Prosecretaria: <\/strong>M\u00f3nica Galarza<\/p>\n\n\n\n<h6 class=\"wp-block-heading\" style=\"font-size:18px;font-style:normal;font-weight:400\"><strong><u>JEFATURAS DE \u00c1REAS:<\/u><\/strong><br><strong>Jefa \u00c1rea Danzas Cl\u00e1sicas:\u00a0 <\/strong>Pamela Nebbia<br><strong>Jefa \u00c1rea Danza Contempor\u00e1nea:\u00a0\u00a0<\/strong><br><strong>Jefa \u00c1rea Expresi\u00f3n Corporal: <\/strong><br><strong>Jefa \u00c1rea Foba Cl\u00e1sico y Contempor\u00e1neo: <\/strong>Fernanda Alessandro<\/h6>\n\n\n\n<p style=\"font-size:18px\"><strong>Coordinadora Programa de Extensi\u00f3n:<\/strong> Laura Cucchetti.<\/p>\n","protected":false},"excerpt":{"rendered":"<p>DIRECCI\u00d3N:Directora: Diana RogovskyVicedirector: Danilo DelgadoRegente de Estudios: Mart\u00edn Retamosa\u00a0 SECRETAR\u00cdA:Secretaria: Mar\u00eda Julia Di DomenicantonioProsecretaria: M\u00f3nica Galarza JEFATURAS DE \u00c1REAS:Jefa \u00c1rea Danzas Cl\u00e1sicas:\u00a0 Pamela NebbiaJefa \u00c1rea Danza Contempor\u00e1nea:\u00a0\u00a0Jefa \u00c1rea Expresi\u00f3n Corporal: Jefa \u00c1rea Foba Cl\u00e1sico y Contempor\u00e1neo: Fernanda Alessandro Coordinadora Programa de Extensi\u00f3n: Laura Cucchetti.<\/p>\n","protected":false},"author":14,"featured_media":0,"parent":703,"menu_order":2,"comment_status":"closed","ping_status":"closed","template":"","meta":[],"acf":[],"_links":{"self":[{"href":"https:\/\/edclp-bue.infd.edu.ar\/sitio\/wp-json\/wp\/v2\/pages\/728"}],"collection":[{"href":"https:\/\/edclp-bue.infd.edu.ar\/sitio\/wp-json\/wp\/v2\/pages"}],"about":[{"href":"https:\/\/edclp-bue.infd.edu.ar\/sitio\/wp-json\/wp\/v2\/types\/page"}],"author":[{"embeddable":true,"href":"https:\/\/edclp-bue.infd.edu.ar\/sitio\/wp-json\/wp\/v2\/users\/14"}],"replies":[{"embeddable":true,"href":"https:\/\/edclp-bue.infd.edu.ar\/sitio\/wp-json\/wp\/v2\/comments?post=728"}],"version-history":[{"count":6,"href":"https:\/\/edclp-bue.infd.edu.ar\/sitio\/wp-json\/wp\/v2\/pages\/728\/revisions"}],"predecessor-version":[{"id":1520,"href":"https:\/\/edclp-bue.infd.edu.ar\/sitio\/wp-json\/wp\/v2\/pages\/728\/revisions\/1520"}],"up":[{"embeddable":true,"href":"https:\/\/edclp-bue.infd.edu.ar\/sitio\/wp-json\/wp\/v2\/pages\/703"}],"wp:attachment":[{"href":"https:\/\/edclp-bue.infd.edu.ar\/sitio\/wp-json\/wp\/v2\/media?parent=728"}],"curies":[{"name":"wp","href":"https:\/\/api.w.org\/{rel}","templated":true}]}}