{"id":828,"date":"2024-03-27T10:27:34","date_gmt":"2024-03-27T13:27:34","guid":{"rendered":"https:\/\/edclp-bue.infd.edu.ar\/sitio\/?page_id=828"},"modified":"2025-11-05T15:40:58","modified_gmt":"2025-11-05T18:40:58","slug":"valoracion-de-saberes-previos","status":"publish","type":"page","link":"https:\/\/edclp-bue.infd.edu.ar\/sitio\/ingreso-carreras\/valoracion-de-saberes-previos\/","title":{"rendered":"VALORACION DE SABERES PREVIOS"},"content":{"rendered":"\n<p><\/p>\n\n\n\n<p class=\"has-medium-font-size\" style=\"font-style:normal;font-weight:800\"><strong>Valoraci\u00f3n de Saberes Previos (VSP) para ingresantes a las carreras<\/strong><\/p>\n\n\n\n<p><strong>Fecha: <\/strong><\/p>\n\n\n\n<p><strong><u>Danzas Cl\u00e1sicas<\/u><\/strong><br>El trayecto de VSP ser\u00e1, para Danza Cl\u00e1sica, en 2 niveles (nivel 1 para ingreso a ciclo iniciaci\u00f3n y nivel 2 para ingreso a Ciclo medio), esto ser\u00e1 desde el principio y durante las 3 semanas que abarca. Para anotarse en la VSP de Danza Cl\u00e1sica Nivel II es requisito el manejo de puntas.<br><strong>CRONOGRAMA VSP CL\u00c1SICO NIVEL I<a href=\"https:\/\/www.blogger.com\/blog\/post\/edit\/2507196701010516212\/181475101160964956#\"><br><\/a>CRONOGRAMA VSP CL\u00c1SICO NIVEL II<\/strong><\/p>\n\n\n\n<p><strong><u>Danza Contempor\u00e1nea<\/u><\/strong><br><strong>CRONOGRAMA VSP CONTEMPOR\u00c1NEO<\/strong><\/p>\n\n\n\n<p><strong><u>Danza Expresi\u00f3n Corporal<\/u><\/strong><br><strong>CRONOGRAMA VSP EXPRESION CORPORAL<\/strong><\/p>\n","protected":false},"excerpt":{"rendered":"<p>Valoraci\u00f3n de Saberes Previos (VSP) para ingresantes a las carreras Fecha: Danzas Cl\u00e1sicasEl trayecto de VSP ser\u00e1, para Danza Cl\u00e1sica, en 2 niveles (nivel 1 para ingreso a ciclo iniciaci\u00f3n y nivel 2 para ingreso a Ciclo medio), esto ser\u00e1 desde el principio y durante las 3 semanas que abarca. Para anotarse en la VSP &#8230; <a title=\"VALORACION DE SABERES PREVIOS\" class=\"read-more\" href=\"https:\/\/edclp-bue.infd.edu.ar\/sitio\/ingreso-carreras\/valoracion-de-saberes-previos\/\" aria-label=\"More on VALORACION DE SABERES PREVIOS\">[+]<\/a><\/p>\n","protected":false},"author":14,"featured_media":0,"parent":705,"menu_order":2,"comment_status":"closed","ping_status":"closed","template":"","meta":[],"acf":[],"_links":{"self":[{"href":"https:\/\/edclp-bue.infd.edu.ar\/sitio\/wp-json\/wp\/v2\/pages\/828"}],"collection":[{"href":"https:\/\/edclp-bue.infd.edu.ar\/sitio\/wp-json\/wp\/v2\/pages"}],"about":[{"href":"https:\/\/edclp-bue.infd.edu.ar\/sitio\/wp-json\/wp\/v2\/types\/page"}],"author":[{"embeddable":true,"href":"https:\/\/edclp-bue.infd.edu.ar\/sitio\/wp-json\/wp\/v2\/users\/14"}],"replies":[{"embeddable":true,"href":"https:\/\/edclp-bue.infd.edu.ar\/sitio\/wp-json\/wp\/v2\/comments?post=828"}],"version-history":[{"count":7,"href":"https:\/\/edclp-bue.infd.edu.ar\/sitio\/wp-json\/wp\/v2\/pages\/828\/revisions"}],"predecessor-version":[{"id":1701,"href":"https:\/\/edclp-bue.infd.edu.ar\/sitio\/wp-json\/wp\/v2\/pages\/828\/revisions\/1701"}],"up":[{"embeddable":true,"href":"https:\/\/edclp-bue.infd.edu.ar\/sitio\/wp-json\/wp\/v2\/pages\/705"}],"wp:attachment":[{"href":"https:\/\/edclp-bue.infd.edu.ar\/sitio\/wp-json\/wp\/v2\/media?parent=828"}],"curies":[{"name":"wp","href":"https:\/\/api.w.org\/{rel}","templated":true}]}}