{"id":884,"date":"2024-04-08T15:22:26","date_gmt":"2024-04-08T18:22:26","guid":{"rendered":"https:\/\/edclp-bue.infd.edu.ar\/sitio\/?page_id=884"},"modified":"2025-03-17T14:10:57","modified_gmt":"2025-03-17T17:10:57","slug":"proyectos-de-extension","status":"publish","type":"page","link":"https:\/\/edclp-bue.infd.edu.ar\/sitio\/institucional\/proyectos-de-extension\/","title":{"rendered":"PROYECTOS DE EXTENSI\u00d3N"},"content":{"rendered":"\n<p>La EDCLP lleva adelante un vasto programa de extensi\u00f3n que involucra varios formatos y dispositivos esc\u00e9nicos de implementaci\u00f3n:<\/p>\n\n\n\n<p class=\"has-medium-font-size\"><strong style=\"font-style: italic;\"><a href=\"https:\/\/edclp-bue.infd.edu.ar\/sitio\/institucional\/proyectos-de-extension\/ballet-clasico-infantil\/\">BALLET CL\u00c1SICO INFANTIL<\/a><\/strong>    &#8211;     <em><strong><a href=\"https:\/\/edclp-bue.infd.edu.ar\/sitio\/institucional\/proyectos-de-extension\/ballet-clasico-juvenil\/\">BALLET CL\u00c1SICO JUVENIL<\/a><\/strong><\/em>   &#8211;      <em><strong><a href=\"https:\/\/edclp-bue.infd.edu.ar\/sitio\/institucional\/proyectos-de-extension\/ballet-contemporaneo\/\">BALLET CONTEMPOR\u00c1NEO<\/a><\/strong><\/em><\/p>\n\n\n\n<p>Cada uno de estos conjuntos ampl\u00eda y desarrolla las cualidades formativas y profesionalizantes, seg\u00fan la edad, en los campos de la interpretaci\u00f3n de la danza, la toma de contacto con diferentes propuestas compositivas, las presentaciones esc\u00e9nicas en distintos contextos y \u00e1mbitos. Se promueve el fortalecimiento de las cualidades creativo-interpretativas de las, les y los estudiantes de Tecnicaturas y Profesorados. Dichos objetivos est\u00e1n presentes en el documento que da origen a los Ballets de la EDCLP.<br>De participaci\u00f3n voluntaria, estos conjuntos van atravesando las distintas instancias de montaje, muestra y evaluaci\u00f3n de las producciones coreogr\u00e1ficas a lo largo de cada ciclo lectivo. Articulan con la Roper\u00eda de la Escuela, la Asociaci\u00f3n Cooperadora y la Coordinaci\u00f3n del Programa de Extensi\u00f3n para la implementaci\u00f3n y concreci\u00f3n&nbsp; de las producciones.<\/p>\n\n\n\n<p><\/p>\n\n\n\n<p class=\"has-medium-font-size\"><strong><em>DANZANDO EN LAS ESCUELAS<\/em><\/strong><\/p>\n\n\n\n<p>Se implementa en la EDCLP desde el a\u00f1o 2000 en sus primeras expresiones e involucra el anclaje territorial, la vinculaci\u00f3n entre niveles educativos, el fortalecimiento de la danza y la educaci\u00f3n art\u00edstica en su difusi\u00f3n y el fortalecimiento de las cualidades creativo-interpretativas de las, les y los estudiantes. Participan de este proyecto los Ballets de la EDCLP y, por a\u00f1adidura, se encuentra en l\u00ednea con los diez principios de la Educaci\u00f3n Bonaerense 2022-2023. Por todo ello, se realiza mediante la convivencia con distintas clases de p\u00fablicos del sistema educativo a saber: Nivel&nbsp; Inicial, Primario, Secundario y Superior, Escuelas Especiales de gesti\u00f3n p\u00fablica e Instituciones de gesti\u00f3n privada, seg\u00fan demanda, requerimientos, contextos y evaluaci\u00f3n previa por parte del Equipo de Conducci\u00f3n de la EDCLP.<\/p>\n\n\n\n<p><\/p>\n\n\n\n<p class=\"has-medium-font-size\"><em><strong>ARTICULACI\u00d3N TERRITORIAL EN BARRIO MERIDIANO V<\/strong><\/em><\/p>\n\n\n\n<p>Este proyecto es especial debido a un amplio desarrollo de la actividad de la Escuela en dicha zona, y por particularidades del Barrio y su funcionamiento cultural. En el caso de la extensi\u00f3n \u00e1ulica en la Estaci\u00f3n Provincial (7 aulas de movimiento y clases te\u00f3ricas que se ocupan diariamente con actividades en las ma\u00f1anas, tardes y turno vespertino y en muchos fines de semana con muestras, actos y funciones en espacios esc\u00e9nicos a play\u00f3n, and\u00e9n y plaza concomitante), el CCEP est\u00e1 enfrente de la Escuela Primaria N\u00b0 58, a media cuadra de la Biblioteca La Chicharra, a pocas cuadras del Centro Cultural El Obrero, Vil Teatro, Galp\u00f3n de La Grieta y Dynamo Teatro, numerosos locales gastron\u00f3micos y centros culturales (Prisma, RUDA entre otros) y frecuentemente hay ferias de arte, festivales (A\u00daRA, ACIADIP, actividades de TERRITORIO TOLOSA y DANZAFUERA) y artesan\u00edas. Es un barrio que crece y se asocia a la actividad cultural y gastron\u00f3mica y la EDCLP participa activamente ya sea con el regular dictado de clases como con la participaci\u00f3n con las instituciones que trabajan especialmente con ni\u00f1eces y juventudes de la zona Altos de San Lorenzo y aleda\u00f1os que se encuentran muchas veces vulnerados en sus derechos y accesibilidad a las culturas.<\/p>\n\n\n\n<p><\/p>\n\n\n\n<p class=\"has-medium-font-size\"><em><strong>FUNCIONES DEL PROGRAMA DE EXTENSI\u00d3N<\/strong><\/em><\/p>\n\n\n\n<p>Se lleva a cabo durante todo el a\u00f1o tanto en centros culturales estatales municipales y provinciales como el Teatro Coliseo Podest\u00e1, Centro Cultural y de la Memoria Islas Malvinas, Pasaje Dardo Rocha, Sal\u00f3n Dorado del Palacio Municipal, Centro de Artes \u201cTeatro Argentino\u201d como de salas del circuito independiente y otros espacios no convencionales que puedan convocar y alojar la danza. Participan los Ballets y las diferentes c\u00e1tedras.<\/p>\n\n\n\n<p><\/p>\n\n\n\n<p class=\"has-medium-font-size\"><em><strong><a href=\"https:\/\/edclp-bue.infd.edu.ar\/sitio\/institucional\/proyectos-de-extension\/talleres-y-actividades-extracurriculares\/\">TALLERES Y ACTIVIDADES EXTRACURRICULARES<\/a><\/strong><\/em><\/p>\n\n\n\n<p>Mediante diferentes propuestas  ya sea co-gestionadas con la Asociaci\u00f3n Cooperadora, surgidas desde el Equipo de conducci\u00f3n, de la comunidad docentes y\/o el Centro de Estudiantes de la EDCLP, se desarrollan diferentes TALLERES Y ACTIVIDADES EXTRACURRICULARES durante difetentes momentos del ciclo lectivo. En las SEMANAS DE LA DANZA, que desde el a\u00f1o 2013 se viene implementado y desde 2023 coinciden con la Semana de las Artes determinada por la DEAr, se desarrollan diferentes propuestas abiertas a la comunidad con el objetivo de abrir la Escuela a la comunidad.<\/p>\n\n\n\n<p><\/p>\n\n\n\n<p class=\"has-medium-font-size\"><em><strong><a href=\"https:\/\/edclp-bue.infd.edu.ar\/sitio\/estudiantes\/estudiantes-itinerantes\/\">ESTUDIANTES ITINERANTES<\/a><\/strong><\/em><\/p>\n\n\n\n<p>La EDCLP recibe durante todo el a\u00f1o a estudiantes que quieran cursar alg\u00fan o algunos espacios curriculares y no est\u00e9n inscriptos como estudiantes regulares dando previo ciumplimeinto a las formas administrativas correspondientes y aloj\u00e1ndoles en los cursos que cuentan con vacantes disponibles.<br><\/p>\n","protected":false},"excerpt":{"rendered":"<p>La EDCLP lleva adelante un vasto programa de extensi\u00f3n que involucra varios formatos y dispositivos esc\u00e9nicos de implementaci\u00f3n: BALLET CL\u00c1SICO INFANTIL &#8211; BALLET CL\u00c1SICO JUVENIL &#8211; BALLET CONTEMPOR\u00c1NEO Cada uno de estos conjuntos ampl\u00eda y desarrolla las cualidades formativas y profesionalizantes, seg\u00fan la edad, en los campos de la interpretaci\u00f3n de la danza, la toma &#8230; <a title=\"PROYECTOS DE EXTENSI\u00d3N\" class=\"read-more\" href=\"https:\/\/edclp-bue.infd.edu.ar\/sitio\/institucional\/proyectos-de-extension\/\" aria-label=\"More on PROYECTOS DE EXTENSI\u00d3N\">[+]<\/a><\/p>\n","protected":false},"author":14,"featured_media":0,"parent":703,"menu_order":5,"comment_status":"closed","ping_status":"closed","template":"","meta":[],"acf":[],"_links":{"self":[{"href":"https:\/\/edclp-bue.infd.edu.ar\/sitio\/wp-json\/wp\/v2\/pages\/884"}],"collection":[{"href":"https:\/\/edclp-bue.infd.edu.ar\/sitio\/wp-json\/wp\/v2\/pages"}],"about":[{"href":"https:\/\/edclp-bue.infd.edu.ar\/sitio\/wp-json\/wp\/v2\/types\/page"}],"author":[{"embeddable":true,"href":"https:\/\/edclp-bue.infd.edu.ar\/sitio\/wp-json\/wp\/v2\/users\/14"}],"replies":[{"embeddable":true,"href":"https:\/\/edclp-bue.infd.edu.ar\/sitio\/wp-json\/wp\/v2\/comments?post=884"}],"version-history":[{"count":9,"href":"https:\/\/edclp-bue.infd.edu.ar\/sitio\/wp-json\/wp\/v2\/pages\/884\/revisions"}],"predecessor-version":[{"id":1542,"href":"https:\/\/edclp-bue.infd.edu.ar\/sitio\/wp-json\/wp\/v2\/pages\/884\/revisions\/1542"}],"up":[{"embeddable":true,"href":"https:\/\/edclp-bue.infd.edu.ar\/sitio\/wp-json\/wp\/v2\/pages\/703"}],"wp:attachment":[{"href":"https:\/\/edclp-bue.infd.edu.ar\/sitio\/wp-json\/wp\/v2\/media?parent=884"}],"curies":[{"name":"wp","href":"https:\/\/api.w.org\/{rel}","templated":true}]}}